{"id":1517,"date":"2025-02-07T11:21:02","date_gmt":"2025-02-07T10:21:02","guid":{"rendered":"https:\/\/www.lagarennedordogne.fr\/camping-accueil-velo-dordogne\/"},"modified":"2025-03-19T14:10:06","modified_gmt":"2025-03-19T13:10:06","slug":"camping-cyclists-dordogne","status":"publish","type":"page","link":"https:\/\/www.lagarennedordogne.fr\/en\/camping-cyclists-dordogne\/","title":{"rendered":"Bike camping"},"content":{"rendered":"<section id=\"ls-section-block_6f6f6ecabedc605c9829780367b7ad0f\" class=\"ls-section  page-titre has-background has-color-4-background-color\" >\r\n        <div class=\"container \">\r\n        \n\n<h1 class=\"ls__heading wp-block-heading has-text-align-center has-color-1-color has-text-color has-link-color wp-elements-cacef582b9c1e696ee3691903a02d86a\">Our campsite for cyclists in the Dordogne<\/h1>\n\n\r\n    <\/div>\r\n<\/section><section id=\"ls-section-block_5274c69e069126de6bac203a680db18a\" class=\"ls-section  home-fifth page-one has-background has-color-4-background-color has-p-t p-t-16\" >\r\n        <div class=\"container container--full\">\r\n        \n\n<figure class=\"wp-block-gallery has-nested-images columns-default is-cropped wp-block-gallery-1 is-layout-flex wp-block-gallery-is-layout-flex\">\n<figure class=\"wp-block-image size-full\"><a href=\"https:\/\/www.lagarennedordogne.fr\/wp-content\/uploads\/2025\/03\/camping-velo-dordogne-peyrignac.webp\"><img decoding=\"async\" width=\"1000\" height=\"667\" data-id=\"1192\" src=\"https:\/\/www.lagarennedordogne.fr\/wp-content\/uploads\/2025\/03\/camping-velo-dordogne-peyrignac.webp\" alt=\"cycling campsite in Dordogne near Peyrignac\" class=\"wp-image-1192\" srcset=\"https:\/\/www.lagarennedordogne.fr\/wp-content\/uploads\/2025\/03\/camping-velo-dordogne-peyrignac.webp 1000w, https:\/\/www.lagarennedordogne.fr\/wp-content\/uploads\/2025\/03\/camping-velo-dordogne-peyrignac-300x200.webp 300w, https:\/\/www.lagarennedordogne.fr\/wp-content\/uploads\/2025\/03\/camping-velo-dordogne-peyrignac-768x512.webp 768w\" sizes=\"(max-width: 1000px) 100vw, 1000px\" \/><\/a><\/figure>\n\n\n\n<figure class=\"wp-block-image size-full\"><a href=\"https:\/\/www.lagarennedordogne.fr\/wp-content\/uploads\/2025\/03\/promenade-velo-dordogne.webp\"><img decoding=\"async\" width=\"1000\" height=\"667\" data-id=\"1194\" src=\"https:\/\/www.lagarennedordogne.fr\/wp-content\/uploads\/2025\/03\/promenade-velo-dordogne.webp\" alt=\"cycling in the Dordogne\" class=\"wp-image-1194\" srcset=\"https:\/\/www.lagarennedordogne.fr\/wp-content\/uploads\/2025\/03\/promenade-velo-dordogne.webp 1000w, https:\/\/www.lagarennedordogne.fr\/wp-content\/uploads\/2025\/03\/promenade-velo-dordogne-300x200.webp 300w, https:\/\/www.lagarennedordogne.fr\/wp-content\/uploads\/2025\/03\/promenade-velo-dordogne-768x512.webp 768w\" sizes=\"(max-width: 1000px) 100vw, 1000px\" \/><\/a><\/figure>\n<\/figure>\n\n\n\n<div class=\"wp-block-columns column-text is-layout-flex wp-container-core-columns-is-layout-9d6595d7 wp-block-columns-is-layout-flex\">\n<div class=\"wp-block-column pointilles is-layout-flow wp-block-column-is-layout-flow\">\n<h2 class=\"ls__heading wp-block-heading has-color-6-color has-text-color has-link-color wp-elements-0ae9ef240afa32bdaf69b89da2d25e7d\">Cyclists welcome to our campsite near P\u00e9rigueux<\/h2>\n\n\n\n<p class=\"ls-paragraph\">Every year, we have the pleasure of welcoming many cycling enthusiasts to our <a href=\"https:\/\/www.lagarennedordogne.fr\/en\/\">campsite near P\u00e9rigueux<\/a>, and it&#8217;s great to see them off to discover our beautiful<a href=\"https:\/\/www.lagarennedordogne.fr\/en\/dordogne-tourism\/\"> Dordogne<\/a> region. Not far from the <a href=\"https:\/\/www.lagarennedordogne.fr\/en\/lascaux-cave-visit\/\">Lascaux<\/a> site and charming <a href=\"https:\/\/www.lagarennedordogne.fr\/en\/sarlat-visit\/\">Sarlat<\/a> and P\u00e9rigueux, our <strong>bike-friendly campsite<\/strong> is the ideal starting point for all their adventures on two wheels. Cycling friends, we&#8217;ve got everything you need for an unforgettable stay: spacious pitches, secure areas for your bikes and a relaxing environment.<br\/>You&#8217;ll particularly appreciate the friendly atmosphere at <strong>La Garenne campsite in Peyrignac<\/strong>, where you can meet new people and share your experiences. Whether you come on your own or in a group, you&#8217;ll always be made to feel welcome at our <a href=\"https:\/\/www.lagarennedordogne.fr\/en\/campsite-pool-perigueux\/\">campsite with swimming pool in the Dordogne<\/a>, and you&#8217;ll find it easy to socialize with other nature sports enthusiasts over a good meal or a refreshing drink. So, are you ready to spend a memorable stay and explore the Dordogne from our campsite?   <\/p>\n<\/div>\n<\/div>\n\n\r\n    <\/div>\r\n<\/section><section id=\"ls-section-block_88e6e564d223b8d2c2cdbfbd995f9f6c\" class=\"ls-section  home-fifth page-one alt has-background has-color-1-background-color has-m-b m-b-0\" >\r\n        <div class=\"container container--full\">\r\n        \n\n<figure class=\"wp-block-gallery has-nested-images columns-default is-cropped p-b-3 wp-block-gallery-2 is-layout-flex wp-block-gallery-is-layout-flex\">\n<figure class=\"wp-block-image size-full\"><a href=\"https:\/\/www.lagarennedordogne.fr\/wp-content\/uploads\/2025\/03\/balade-a-velo-perigord.webp\"><img decoding=\"async\" width=\"1000\" height=\"667\" data-id=\"1190\" src=\"https:\/\/www.lagarennedordogne.fr\/wp-content\/uploads\/2025\/03\/balade-a-velo-perigord.webp\" alt=\"Discover the P&#xE9;rigord region by bike\" class=\"wp-image-1190\" srcset=\"https:\/\/www.lagarennedordogne.fr\/wp-content\/uploads\/2025\/03\/balade-a-velo-perigord.webp 1000w, https:\/\/www.lagarennedordogne.fr\/wp-content\/uploads\/2025\/03\/balade-a-velo-perigord-300x200.webp 300w, https:\/\/www.lagarennedordogne.fr\/wp-content\/uploads\/2025\/03\/balade-a-velo-perigord-768x512.webp 768w\" sizes=\"(max-width: 1000px) 100vw, 1000px\" \/><\/a><\/figure>\n\n\n\n<figure class=\"wp-block-image size-full\"><a href=\"https:\/\/www.lagarennedordogne.fr\/wp-content\/uploads\/2025\/03\/visiter-la-dordogne-a-velo.webp\"><img decoding=\"async\" width=\"1000\" height=\"667\" data-id=\"1196\" src=\"https:\/\/www.lagarennedordogne.fr\/wp-content\/uploads\/2025\/03\/visiter-la-dordogne-a-velo.webp\" alt=\"visit the Dordogne by bike\" class=\"wp-image-1196\" srcset=\"https:\/\/www.lagarennedordogne.fr\/wp-content\/uploads\/2025\/03\/visiter-la-dordogne-a-velo.webp 1000w, https:\/\/www.lagarennedordogne.fr\/wp-content\/uploads\/2025\/03\/visiter-la-dordogne-a-velo-300x200.webp 300w, https:\/\/www.lagarennedordogne.fr\/wp-content\/uploads\/2025\/03\/visiter-la-dordogne-a-velo-768x512.webp 768w\" sizes=\"(max-width: 1000px) 100vw, 1000px\" \/><\/a><\/figure>\n<\/figure>\n\n\n\n<div class=\"wp-block-columns column-text is-layout-flex wp-container-core-columns-is-layout-9d6595d7 wp-block-columns-is-layout-flex\">\n<div class=\"wp-block-column is-vertically-aligned-top pointilles is-layout-flow wp-block-column-is-layout-flow\">\n<h2 class=\"ls__heading wp-block-heading has-color-3-color has-text-color has-link-color wp-elements-ccea8e241741bb8f56a264acf87ff37e\">The most beautiful bike rides from our campsite<\/h2>\n\n\n\n<p class=\"ls-paragraph\">From your <a href=\"https:\/\/www.lagarennedordogne.fr\/en\/mobile-home-rental-dordogne\/\">mobile home<\/a> or <a href=\"https:\/\/www.lagarennedordogne.fr\/en\/pitch-rental-dordogne\/\">Pitch<\/a> rental in the Dordogne, discover the varied and enchanting landscapes of our region. In the immediate vicinity, an easy 10 km loop around Peyrignac is ideal for an introductory family walk or a relaxing outing. For heritage lovers, the route to La Bachellerie and Azerat offers 20 km of quiet roads through picturesque villages.  <\/p>\n\n\n\n<p class=\"ls-paragraph\">More experienced cyclists can venture out on the Voie Verte de la Vall\u00e9e de la V\u00e9z\u00e8re, which links Montignac-Lascaux to Limeuil, skirting a peaceful river and major historic sites. Finally, the more adventurous will appreciate the hilly roads leading to the famous castles and gardens of the P\u00e9rigord. With so many options to suit all levels, our bike campsite in the Dordogne is the perfect starting point for your adventures on two wheels.  <\/p>\n<\/div>\n<\/div>\n\n\r\n    <\/div>\r\n<\/section><section id=\"ls-section-block_4d2b03891c314c3f21184df976aa891f\" class=\"ls-section  page-cta has-background has-color-4-background-color\" >\r\n        <div class=\"container container--wide\">\r\n        \n\n<div id=\"ls-heading ls-titre-div-block_7b0da5aaf211091197f98ccc7a5e87f3\" class=\"ls-titre-div aligncenter h2-like has-text-color has-color-1-color\" >\n    For hassle-free vacations<\/div>\n\n\n<div id=\"ls-maillage-block_efbdcb4fdd27acb7fd7e64934a264dc2\" class=\"ls-maillage cta-style-normal\" data-rows=\"3\">\r\n    <div class=\"wp-block-columns\"><div class=\"wp-block-column\">\n<a href=\"https:\/\/www.lagarennedordogne.fr\/en\/campsite-activities-perigueux\/\" target=\"\" rel=\"noopener\" class=\"ls-cta__link\" data-categ=\"\">\n\t<div class=\"ls-cta__image\"><img decoding=\"async\" src=\"https:\/\/www.lagarennedordogne.fr\/wp-content\/uploads\/2025\/03\/animations-adulte-enfant-camping-garenne-dordogne.webp\" alt=\"entertainment for adults and children at the Garenne campsite in Dordogne\"><\/div>\n\t<div class=\"ls-cta__title\">\n\t\tActivities and entertainment\t<\/div>\n\n\t<\/a>\n\n<\/div><div class=\"wp-block-column\">\n<a href=\"https:\/\/www.lagarennedordogne.fr\/en\/campsite-pool-perigueux\/\" target=\"\" rel=\"noopener\" class=\"ls-cta__link\" data-categ=\"\">\n\t<div class=\"ls-cta__image\"><img decoding=\"async\" src=\"https:\/\/www.lagarennedordogne.fr\/wp-content\/uploads\/2025\/03\/pisicine-spa-camping-peyrignac.jpg\" alt=\"swimming pool spa camping Peyrignac\"><\/div>\n\t<div class=\"ls-cta__title\">\n\t\tPool and spa\t<\/div>\n\n\t<\/a>\n\n<\/div><div class=\"wp-block-column\">\n<a href=\"https:\/\/www.lagarennedordogne.fr\/en\/campsite-services-dordogne\/\" target=\"\" rel=\"noopener\" class=\"ls-cta__link\" data-categ=\"\">\n\t<div class=\"ls-cta__image\"><img decoding=\"async\" src=\"https:\/\/www.lagarennedordogne.fr\/wp-content\/uploads\/2025\/03\/Copyright_IDECLIC_PENDRUC_2018_PAIN_VIENNOISERIE_200-copie.webp\" alt=\"Copyright IDECLIC PENDRUC 2018 PAIN VIENNOISERIE 200 copy\"><\/div>\n\t<div class=\"ls-cta__title\">\n\t\tOur services\t<\/div>\n\n\t<\/a>\n\n<\/div><\/div><\/div>\n\r\n    <\/div>\r\n<\/section>","protected":false},"excerpt":{"rendered":"","protected":false},"author":1,"featured_media":1129,"parent":0,"menu_order":0,"comment_status":"closed","ping_status":"closed","template":"","meta":{"_acf_changed":false,"footnotes":""},"sujet":[],"class_list":["post-1517","page","type-page","status-publish","has-post-thumbnail","hentry"],"acf":[],"yoast_head":"<!-- This site is optimized with the Yoast SEO plugin v24.7 - https:\/\/yoast.com\/wordpress\/plugins\/seo\/ -->\n<title>Camping for cyclists Dordogne | Bicycle rental, services for cyclists<\/title>\n<meta name=\"description\" content=\"The campsite, located near P\u00e9rigueux, offers spacious and secure Pitch for bikes, as well as a variety of routes suitable for all levels. Explore the region on two wheels from our cycling campsite.\" \/>\n<meta name=\"robots\" content=\"index, follow, max-snippet:-1, max-image-preview:large, max-video-preview:-1\" \/>\n<link rel=\"canonical\" href=\"https:\/\/www.lagarennedordogne.fr\/en\/camping-cyclists-dordogne\/\" \/>\n<meta property=\"og:locale\" content=\"en_US\" \/>\n<meta property=\"og:type\" content=\"article\" \/>\n<meta property=\"og:title\" content=\"Camping for cyclists Dordogne | Bicycle rental, services for cyclists\" \/>\n<meta property=\"og:description\" content=\"The campsite, located near P\u00e9rigueux, offers spacious and secure Pitch for bikes, as well as a variety of routes suitable for all levels. Explore the region on two wheels from our cycling campsite.\" \/>\n<meta property=\"og:url\" content=\"https:\/\/www.lagarennedordogne.fr\/en\/camping-cyclists-dordogne\/\" \/>\n<meta property=\"og:site_name\" content=\"Camping La Garenne Peyrignac\" \/>\n<meta property=\"article:modified_time\" content=\"2025-03-19T13:10:06+00:00\" \/>\n<meta property=\"og:image\" content=\"https:\/\/www.lagarennedordogne.fr\/wp-content\/uploads\/2025\/03\/emplacement-camping-garenne-peyrignac.webp\" \/>\n\t<meta property=\"og:image:width\" content=\"2000\" \/>\n\t<meta property=\"og:image:height\" content=\"1334\" \/>\n\t<meta property=\"og:image:type\" content=\"image\/webp\" \/>\n<meta name=\"twitter:card\" content=\"summary_large_image\" \/>\n<meta name=\"twitter:label1\" content=\"Est. reading time\" \/>\n\t<meta name=\"twitter:data1\" content=\"2 minutes\" \/>\n<script type=\"application\/ld+json\" class=\"yoast-schema-graph\">{\"@context\":\"https:\/\/schema.org\",\"@graph\":[{\"@type\":\"WebPage\",\"@id\":\"https:\/\/www.lagarennedordogne.fr\/en\/camping-cyclists-dordogne\/\",\"url\":\"https:\/\/www.lagarennedordogne.fr\/en\/camping-cyclists-dordogne\/\",\"name\":\"Camping for cyclists Dordogne | Bicycle rental, services for cyclists\",\"isPartOf\":{\"@id\":\"https:\/\/www.lagarennedordogne.fr\/en\/#website\"},\"primaryImageOfPage\":{\"@id\":\"https:\/\/www.lagarennedordogne.fr\/en\/camping-cyclists-dordogne\/#primaryimage\"},\"image\":{\"@id\":\"https:\/\/www.lagarennedordogne.fr\/en\/camping-cyclists-dordogne\/#primaryimage\"},\"thumbnailUrl\":\"https:\/\/www.lagarennedordogne.fr\/wp-content\/uploads\/2025\/03\/emplacement-camping-garenne-peyrignac.webp\",\"datePublished\":\"2025-02-07T10:21:02+00:00\",\"dateModified\":\"2025-03-19T13:10:06+00:00\",\"description\":\"The campsite, located near P\u00e9rigueux, offers spacious and secure Pitch for bikes, as well as a variety of routes suitable for all levels. Explore the region on two wheels from our cycling campsite.\",\"breadcrumb\":{\"@id\":\"https:\/\/www.lagarennedordogne.fr\/en\/camping-cyclists-dordogne\/#breadcrumb\"},\"inLanguage\":\"en-US\",\"potentialAction\":[{\"@type\":\"ReadAction\",\"target\":[\"https:\/\/www.lagarennedordogne.fr\/en\/camping-cyclists-dordogne\/\"]}]},{\"@type\":\"ImageObject\",\"inLanguage\":\"en-US\",\"@id\":\"https:\/\/www.lagarennedordogne.fr\/en\/camping-cyclists-dordogne\/#primaryimage\",\"url\":\"https:\/\/www.lagarennedordogne.fr\/wp-content\/uploads\/2025\/03\/emplacement-camping-garenne-peyrignac.webp\",\"contentUrl\":\"https:\/\/www.lagarennedordogne.fr\/wp-content\/uploads\/2025\/03\/emplacement-camping-garenne-peyrignac.webp\",\"width\":2000,\"height\":1334,\"caption\":\"Pitch for tent and bike at camping la garenne de Peyrignac\"},{\"@type\":\"BreadcrumbList\",\"@id\":\"https:\/\/www.lagarennedordogne.fr\/en\/camping-cyclists-dordogne\/#breadcrumb\",\"itemListElement\":[{\"@type\":\"ListItem\",\"position\":1,\"name\":\"Camping Dordogne\",\"item\":\"https:\/\/www.lagarennedordogne.fr\/en\/\"},{\"@type\":\"ListItem\",\"position\":2,\"name\":\"Cycling campsite near P\u00e9rigueux\"}]},{\"@type\":\"WebSite\",\"@id\":\"https:\/\/www.lagarennedordogne.fr\/en\/#website\",\"url\":\"https:\/\/www.lagarennedordogne.fr\/en\/\",\"name\":\"Camping La Garenne Peyrignac\",\"description\":\"\",\"publisher\":{\"@id\":\"https:\/\/www.lagarennedordogne.fr\/en\/#organization\"},\"potentialAction\":[{\"@type\":\"SearchAction\",\"target\":{\"@type\":\"EntryPoint\",\"urlTemplate\":\"https:\/\/www.lagarennedordogne.fr\/en\/?s={search_term_string}\"},\"query-input\":{\"@type\":\"PropertyValueSpecification\",\"valueRequired\":true,\"valueName\":\"search_term_string\"}}],\"inLanguage\":\"en-US\"},{\"@type\":\"Organization\",\"@id\":\"https:\/\/www.lagarennedordogne.fr\/en\/#organization\",\"name\":\"Camping La Garenne Peyrignac\",\"url\":\"https:\/\/www.lagarennedordogne.fr\/en\/\",\"logo\":{\"@type\":\"ImageObject\",\"inLanguage\":\"en-US\",\"@id\":\"https:\/\/www.lagarennedordogne.fr\/en\/#\/schema\/logo\/image\/\",\"url\":\"https:\/\/www.lagarennedordogne.fr\/wp-content\/uploads\/2025\/02\/logo-camping-la-garenne-de-peyrignac.webp\",\"contentUrl\":\"https:\/\/www.lagarennedordogne.fr\/wp-content\/uploads\/2025\/02\/logo-camping-la-garenne-de-peyrignac.webp\",\"width\":502,\"height\":500,\"caption\":\"Camping La Garenne Peyrignac\"},\"image\":{\"@id\":\"https:\/\/www.lagarennedordogne.fr\/en\/#\/schema\/logo\/image\/\"}}]}<\/script>\n<!-- \/ Yoast SEO plugin. -->","yoast_head_json":{"title":"Camping for cyclists Dordogne | Bicycle rental, services for cyclists","description":"The campsite, located near P\u00e9rigueux, offers spacious and secure Pitch for bikes, as well as a variety of routes suitable for all levels. Explore the region on two wheels from our cycling campsite.","robots":{"index":"index","follow":"follow","max-snippet":"max-snippet:-1","max-image-preview":"max-image-preview:large","max-video-preview":"max-video-preview:-1"},"canonical":"https:\/\/www.lagarennedordogne.fr\/en\/camping-cyclists-dordogne\/","og_locale":"en_US","og_type":"article","og_title":"Camping for cyclists Dordogne | Bicycle rental, services for cyclists","og_description":"The campsite, located near P\u00e9rigueux, offers spacious and secure Pitch for bikes, as well as a variety of routes suitable for all levels. Explore the region on two wheels from our cycling campsite.","og_url":"https:\/\/www.lagarennedordogne.fr\/en\/camping-cyclists-dordogne\/","og_site_name":"Camping La Garenne Peyrignac","article_modified_time":"2025-03-19T13:10:06+00:00","og_image":[{"width":2000,"height":1334,"url":"https:\/\/www.lagarennedordogne.fr\/wp-content\/uploads\/2025\/03\/emplacement-camping-garenne-peyrignac.webp","type":"image\/webp"}],"twitter_card":"summary_large_image","twitter_misc":{"Est. reading time":"2 minutes"},"schema":{"@context":"https:\/\/schema.org","@graph":[{"@type":"WebPage","@id":"https:\/\/www.lagarennedordogne.fr\/en\/camping-cyclists-dordogne\/","url":"https:\/\/www.lagarennedordogne.fr\/en\/camping-cyclists-dordogne\/","name":"Camping for cyclists Dordogne | Bicycle rental, services for cyclists","isPartOf":{"@id":"https:\/\/www.lagarennedordogne.fr\/en\/#website"},"primaryImageOfPage":{"@id":"https:\/\/www.lagarennedordogne.fr\/en\/camping-cyclists-dordogne\/#primaryimage"},"image":{"@id":"https:\/\/www.lagarennedordogne.fr\/en\/camping-cyclists-dordogne\/#primaryimage"},"thumbnailUrl":"https:\/\/www.lagarennedordogne.fr\/wp-content\/uploads\/2025\/03\/emplacement-camping-garenne-peyrignac.webp","datePublished":"2025-02-07T10:21:02+00:00","dateModified":"2025-03-19T13:10:06+00:00","description":"The campsite, located near P\u00e9rigueux, offers spacious and secure Pitch for bikes, as well as a variety of routes suitable for all levels. Explore the region on two wheels from our cycling campsite.","breadcrumb":{"@id":"https:\/\/www.lagarennedordogne.fr\/en\/camping-cyclists-dordogne\/#breadcrumb"},"inLanguage":"en-US","potentialAction":[{"@type":"ReadAction","target":["https:\/\/www.lagarennedordogne.fr\/en\/camping-cyclists-dordogne\/"]}]},{"@type":"ImageObject","inLanguage":"en-US","@id":"https:\/\/www.lagarennedordogne.fr\/en\/camping-cyclists-dordogne\/#primaryimage","url":"https:\/\/www.lagarennedordogne.fr\/wp-content\/uploads\/2025\/03\/emplacement-camping-garenne-peyrignac.webp","contentUrl":"https:\/\/www.lagarennedordogne.fr\/wp-content\/uploads\/2025\/03\/emplacement-camping-garenne-peyrignac.webp","width":2000,"height":1334,"caption":"Pitch for tent and bike at camping la garenne de Peyrignac"},{"@type":"BreadcrumbList","@id":"https:\/\/www.lagarennedordogne.fr\/en\/camping-cyclists-dordogne\/#breadcrumb","itemListElement":[{"@type":"ListItem","position":1,"name":"Camping Dordogne","item":"https:\/\/www.lagarennedordogne.fr\/en\/"},{"@type":"ListItem","position":2,"name":"Cycling campsite near P\u00e9rigueux"}]},{"@type":"WebSite","@id":"https:\/\/www.lagarennedordogne.fr\/en\/#website","url":"https:\/\/www.lagarennedordogne.fr\/en\/","name":"Camping La Garenne Peyrignac","description":"","publisher":{"@id":"https:\/\/www.lagarennedordogne.fr\/en\/#organization"},"potentialAction":[{"@type":"SearchAction","target":{"@type":"EntryPoint","urlTemplate":"https:\/\/www.lagarennedordogne.fr\/en\/?s={search_term_string}"},"query-input":{"@type":"PropertyValueSpecification","valueRequired":true,"valueName":"search_term_string"}}],"inLanguage":"en-US"},{"@type":"Organization","@id":"https:\/\/www.lagarennedordogne.fr\/en\/#organization","name":"Camping La Garenne Peyrignac","url":"https:\/\/www.lagarennedordogne.fr\/en\/","logo":{"@type":"ImageObject","inLanguage":"en-US","@id":"https:\/\/www.lagarennedordogne.fr\/en\/#\/schema\/logo\/image\/","url":"https:\/\/www.lagarennedordogne.fr\/wp-content\/uploads\/2025\/02\/logo-camping-la-garenne-de-peyrignac.webp","contentUrl":"https:\/\/www.lagarennedordogne.fr\/wp-content\/uploads\/2025\/02\/logo-camping-la-garenne-de-peyrignac.webp","width":502,"height":500,"caption":"Camping La Garenne Peyrignac"},"image":{"@id":"https:\/\/www.lagarennedordogne.fr\/en\/#\/schema\/logo\/image\/"}}]}},"_links":{"self":[{"href":"https:\/\/www.lagarennedordogne.fr\/en\/wp-json\/wp\/v2\/pages\/1517","targetHints":{"allow":["GET"]}}],"collection":[{"href":"https:\/\/www.lagarennedordogne.fr\/en\/wp-json\/wp\/v2\/pages"}],"about":[{"href":"https:\/\/www.lagarennedordogne.fr\/en\/wp-json\/wp\/v2\/types\/page"}],"author":[{"embeddable":true,"href":"https:\/\/www.lagarennedordogne.fr\/en\/wp-json\/wp\/v2\/users\/1"}],"replies":[{"embeddable":true,"href":"https:\/\/www.lagarennedordogne.fr\/en\/wp-json\/wp\/v2\/comments?post=1517"}],"version-history":[{"count":5,"href":"https:\/\/www.lagarennedordogne.fr\/en\/wp-json\/wp\/v2\/pages\/1517\/revisions"}],"predecessor-version":[{"id":1631,"href":"https:\/\/www.lagarennedordogne.fr\/en\/wp-json\/wp\/v2\/pages\/1517\/revisions\/1631"}],"wp:featuredmedia":[{"embeddable":true,"href":"https:\/\/www.lagarennedordogne.fr\/en\/wp-json\/wp\/v2\/media\/1129"}],"wp:attachment":[{"href":"https:\/\/www.lagarennedordogne.fr\/en\/wp-json\/wp\/v2\/media?parent=1517"}],"wp:term":[{"taxonomy":"sujet","embeddable":true,"href":"https:\/\/www.lagarennedordogne.fr\/en\/wp-json\/wp\/v2\/sujet?post=1517"}],"curies":[{"name":"wp","href":"https:\/\/api.w.org\/{rel}","templated":true}]}}